{"id":101,"date":"2020-08-03T21:39:34","date_gmt":"2020-08-03T19:39:34","guid":{"rendered":"https:\/\/www.nospcr.cz\/servis\/?page_id=101"},"modified":"2020-08-03T21:39:34","modified_gmt":"2020-08-03T19:39:34","slug":"kontakt","status":"publish","type":"page","link":"https:\/\/www.nospcr.cz\/servis\/kontakt\/","title":{"rendered":"Kontakt"},"content":{"rendered":"<p>Nez\u00e1visl\u00fd odborov\u00fd svaz Policie \u010cesk\u00e9 republiky<br \/>\nul. Bartolom\u011bjsk\u00e1 7, Praha 1, PS\u010c 110 00<br \/>\nI\u010c: 49629034<br \/>\ndatov\u00e1 schr\u00e1nka 7iud2sc<br \/>\npodatelna@nosp.cz<br \/>\n+420 974 823 949<\/p>\n","protected":false},"excerpt":{"rendered":"<div class=\"mh-excerpt\"><p>Nez\u00e1visl\u00fd odborov\u00fd svaz Policie \u010cesk\u00e9 republiky ul. Bartolom\u011bjsk\u00e1 7, Praha 1, PS\u010c 110 00 I\u010c: 49629034 datov\u00e1 schr\u00e1nka 7iud2sc podatelna@nosp.cz +420 974 823 949<\/p>\n<\/div>","protected":false},"author":1,"featured_media":0,"parent":0,"menu_order":0,"comment_status":"closed","ping_status":"closed","template":"","meta":{"_monsterinsights_skip_tracking":false,"_monsterinsights_sitenote_active":false,"_monsterinsights_sitenote_note":"","_monsterinsights_sitenote_category":0,"footnotes":""},"class_list":["post-101","page","type-page","status-publish"],"_links":{"self":[{"href":"https:\/\/www.nospcr.cz\/servis\/wp-json\/wp\/v2\/pages\/101","targetHints":{"allow":["GET"]}}],"collection":[{"href":"https:\/\/www.nospcr.cz\/servis\/wp-json\/wp\/v2\/pages"}],"about":[{"href":"https:\/\/www.nospcr.cz\/servis\/wp-json\/wp\/v2\/types\/page"}],"author":[{"embeddable":true,"href":"https:\/\/www.nospcr.cz\/servis\/wp-json\/wp\/v2\/users\/1"}],"replies":[{"embeddable":true,"href":"https:\/\/www.nospcr.cz\/servis\/wp-json\/wp\/v2\/comments?post=101"}],"version-history":[{"count":1,"href":"https:\/\/www.nospcr.cz\/servis\/wp-json\/wp\/v2\/pages\/101\/revisions"}],"predecessor-version":[{"id":102,"href":"https:\/\/www.nospcr.cz\/servis\/wp-json\/wp\/v2\/pages\/101\/revisions\/102"}],"wp:attachment":[{"href":"https:\/\/www.nospcr.cz\/servis\/wp-json\/wp\/v2\/media?parent=101"}],"curies":[{"name":"wp","href":"https:\/\/api.w.org\/{rel}","templated":true}]}}