{"id":1185,"date":"2024-11-13T15:37:58","date_gmt":"2024-11-13T14:37:58","guid":{"rendered":"https:\/\/www.nospcr.cz\/servis\/?post_type=product&#038;p=1185"},"modified":"2026-01-07T08:26:13","modified_gmt":"2026-01-07T07:26:13","slug":"hrnek-na-caj-zeleny-s-logem-nos-pcr-skladem","status":"publish","type":"product","link":"https:\/\/www.nospcr.cz\/servis\/produkt\/hrnek-na-caj-zeleny-s-logem-nos-pcr-skladem\/","title":{"rendered":"Hrnek na \u010daj zelen\u00fd s logem NOS P\u010cR"},"content":{"rendered":"<p>Hrnek na \u010daj zelen\u00fd s logem NOS P\u010cR<\/p>\n","protected":false},"excerpt":{"rendered":"<div class=\"mh-excerpt\"><p>hrnek na \u010daj <a class=\"mh-excerpt-more\" href=\"https:\/\/www.nospcr.cz\/servis\/produkt\/hrnek-na-caj-zeleny-s-logem-nos-pcr-skladem\/\" title=\"Hrnek na \u010daj zelen\u00fd s logem NOS P\u010cR\">[&#8230;]<\/a><\/p>\n<\/div>","protected":false},"featured_media":2323,"template":"","meta":{"_monsterinsights_skip_tracking":false,"_monsterinsights_sitenote_active":false,"_monsterinsights_sitenote_note":"","_monsterinsights_sitenote_category":0},"product_brand":[],"product_cat":[18],"product_tag":[],"class_list":{"0":"post-1185","1":"product","2":"type-product","3":"status-publish","4":"has-post-thumbnail","6":"product_cat-sklo-keramila","8":"first","9":"instock","10":"taxable","11":"shipping-taxable","12":"purchasable","13":"product-type-simple"},"_links":{"self":[{"href":"https:\/\/www.nospcr.cz\/servis\/wp-json\/wp\/v2\/product\/1185","targetHints":{"allow":["GET"]}}],"collection":[{"href":"https:\/\/www.nospcr.cz\/servis\/wp-json\/wp\/v2\/product"}],"about":[{"href":"https:\/\/www.nospcr.cz\/servis\/wp-json\/wp\/v2\/types\/product"}],"wp:featuredmedia":[{"embeddable":true,"href":"https:\/\/www.nospcr.cz\/servis\/wp-json\/wp\/v2\/media\/2323"}],"wp:attachment":[{"href":"https:\/\/www.nospcr.cz\/servis\/wp-json\/wp\/v2\/media?parent=1185"}],"wp:term":[{"taxonomy":"product_brand","embeddable":true,"href":"https:\/\/www.nospcr.cz\/servis\/wp-json\/wp\/v2\/product_brand?post=1185"},{"taxonomy":"product_cat","embeddable":true,"href":"https:\/\/www.nospcr.cz\/servis\/wp-json\/wp\/v2\/product_cat?post=1185"},{"taxonomy":"product_tag","embeddable":true,"href":"https:\/\/www.nospcr.cz\/servis\/wp-json\/wp\/v2\/product_tag?post=1185"}],"curies":[{"name":"wp","href":"https:\/\/api.w.org\/{rel}","templated":true}]}}