{"id":1191,"date":"2024-02-22T14:30:41","date_gmt":"2024-02-22T13:30:41","guid":{"rendered":"https:\/\/www.nospcr.cz\/servis\/?post_type=product&#038;p=1191"},"modified":"2026-03-31T10:26:31","modified_gmt":"2026-03-31T08:26:31","slug":"destnik-skladaci-cerny-s-logem-nos-pcr-skladem","status":"publish","type":"product","link":"https:\/\/www.nospcr.cz\/servis\/produkt\/destnik-skladaci-cerny-s-logem-nos-pcr-skladem\/","title":{"rendered":"De\u0161tn\u00edk skl\u00e1dac\u00ed \u010dern\u00fd s logem NOS P\u010cR"},"content":{"rendered":"<p>de\u0161tn\u00edk skl\u00e1dac\u00ed \u010dern\u00fd s logem NOS P\u010cR<br \/>\nd\u00e9lka ve slo\u017een\u00e9m stavu je 32cm<\/p>\n","protected":false},"excerpt":{"rendered":"<div class=\"mh-excerpt\"><p>de\u0161tn\u00edk skl\u00e1dac\u00ed <a class=\"mh-excerpt-more\" href=\"https:\/\/www.nospcr.cz\/servis\/produkt\/destnik-skladaci-cerny-s-logem-nos-pcr-skladem\/\" title=\"De\u0161tn\u00edk skl\u00e1dac\u00ed \u010dern\u00fd s logem NOS P\u010cR\">[&#8230;]<\/a><\/p>\n<\/div>","protected":false},"featured_media":1193,"template":"","meta":{"_monsterinsights_skip_tracking":false,"_monsterinsights_sitenote_active":false,"_monsterinsights_sitenote_note":"","_monsterinsights_sitenote_category":0},"product_brand":[],"product_cat":[29],"product_tag":[],"class_list":{"0":"post-1191","1":"product","2":"type-product","3":"status-publish","4":"has-post-thumbnail","6":"product_cat-textil","8":"first","9":"instock","10":"taxable","11":"shipping-taxable","12":"purchasable","13":"product-type-simple"},"_links":{"self":[{"href":"https:\/\/www.nospcr.cz\/servis\/wp-json\/wp\/v2\/product\/1191","targetHints":{"allow":["GET"]}}],"collection":[{"href":"https:\/\/www.nospcr.cz\/servis\/wp-json\/wp\/v2\/product"}],"about":[{"href":"https:\/\/www.nospcr.cz\/servis\/wp-json\/wp\/v2\/types\/product"}],"wp:featuredmedia":[{"embeddable":true,"href":"https:\/\/www.nospcr.cz\/servis\/wp-json\/wp\/v2\/media\/1193"}],"wp:attachment":[{"href":"https:\/\/www.nospcr.cz\/servis\/wp-json\/wp\/v2\/media?parent=1191"}],"wp:term":[{"taxonomy":"product_brand","embeddable":true,"href":"https:\/\/www.nospcr.cz\/servis\/wp-json\/wp\/v2\/product_brand?post=1191"},{"taxonomy":"product_cat","embeddable":true,"href":"https:\/\/www.nospcr.cz\/servis\/wp-json\/wp\/v2\/product_cat?post=1191"},{"taxonomy":"product_tag","embeddable":true,"href":"https:\/\/www.nospcr.cz\/servis\/wp-json\/wp\/v2\/product_tag?post=1191"}],"curies":[{"name":"wp","href":"https:\/\/api.w.org\/{rel}","templated":true}]}}