{"id":1218,"date":"2025-02-05T12:00:12","date_gmt":"2025-02-05T11:00:12","guid":{"rendered":"https:\/\/www.nospcr.cz\/servis\/?post_type=product&#038;p=1218"},"modified":"2026-03-31T10:25:56","modified_gmt":"2026-03-31T08:25:56","slug":"zapisnik-b6-se-spiralou-s-logem-nos-pcr-skladem","status":"publish","type":"product","link":"https:\/\/www.nospcr.cz\/servis\/produkt\/zapisnik-b6-se-spiralou-s-logem-nos-pcr-skladem\/","title":{"rendered":"Z\u00e1pisn\u00edk B6 se spir\u00e1lou a logem NOS P\u010cR"},"content":{"rendered":"<p>z\u00e1pisn\u00edk B6 v krou\u017ekov\u00e9 vazb\u011b s logem NOS P\u010cR<br \/>\ns kuli\u010dkov\u00fdm perem<br \/>\nlisty bez linek<br \/>\nvelikost bloku 135 x 177 cm<\/p>\n","protected":false},"excerpt":{"rendered":"<div class=\"mh-excerpt\"><p>Pozn\u00e1mkov\u00fd blok B6 s kuli\u010dkov\u00fdm perem <a class=\"mh-excerpt-more\" href=\"https:\/\/www.nospcr.cz\/servis\/produkt\/zapisnik-b6-se-spiralou-s-logem-nos-pcr-skladem\/\" title=\"Z\u00e1pisn\u00edk B6 se spir\u00e1lou a logem NOS P\u010cR\">[&#8230;]<\/a><\/p>\n<\/div>","protected":false},"featured_media":2316,"template":"","meta":{"_monsterinsights_skip_tracking":false,"_monsterinsights_sitenote_active":false,"_monsterinsights_sitenote_note":"","_monsterinsights_sitenote_category":0},"product_brand":[],"product_cat":[59],"product_tag":[],"class_list":{"0":"post-1218","1":"product","2":"type-product","3":"status-publish","4":"has-post-thumbnail","6":"product_cat-kancelarske-potreby","8":"first","9":"instock","10":"taxable","11":"shipping-taxable","12":"purchasable","13":"product-type-simple"},"_links":{"self":[{"href":"https:\/\/www.nospcr.cz\/servis\/wp-json\/wp\/v2\/product\/1218","targetHints":{"allow":["GET"]}}],"collection":[{"href":"https:\/\/www.nospcr.cz\/servis\/wp-json\/wp\/v2\/product"}],"about":[{"href":"https:\/\/www.nospcr.cz\/servis\/wp-json\/wp\/v2\/types\/product"}],"wp:featuredmedia":[{"embeddable":true,"href":"https:\/\/www.nospcr.cz\/servis\/wp-json\/wp\/v2\/media\/2316"}],"wp:attachment":[{"href":"https:\/\/www.nospcr.cz\/servis\/wp-json\/wp\/v2\/media?parent=1218"}],"wp:term":[{"taxonomy":"product_brand","embeddable":true,"href":"https:\/\/www.nospcr.cz\/servis\/wp-json\/wp\/v2\/product_brand?post=1218"},{"taxonomy":"product_cat","embeddable":true,"href":"https:\/\/www.nospcr.cz\/servis\/wp-json\/wp\/v2\/product_cat?post=1218"},{"taxonomy":"product_tag","embeddable":true,"href":"https:\/\/www.nospcr.cz\/servis\/wp-json\/wp\/v2\/product_tag?post=1218"}],"curies":[{"name":"wp","href":"https:\/\/api.w.org\/{rel}","templated":true}]}}