{"id":1257,"date":"2023-01-09T11:33:10","date_gmt":"2023-01-09T10:33:10","guid":{"rendered":"https:\/\/www.nospcr.cz\/servis\/?post_type=product&#038;p=1257"},"modified":"2026-04-10T09:46:22","modified_gmt":"2026-04-10T07:46:22","slug":"odznacek-veteran-maly-skladem","status":"publish","type":"product","link":"https:\/\/www.nospcr.cz\/servis\/produkt\/odznacek-veteran-maly-skladem\/","title":{"rendered":"Pin Veter\u00e1n s p\u0159ip\u00edn\u00e1n\u00edm"},"content":{"rendered":"<p>kovov\u00fd odzn\u00e1\u010dek Veter\u00e1n, vzadu s p\u0159ip\u00edn\u00e1n\u00edm pin, velikost cca 3cm<\/p>\n","protected":false},"excerpt":{"rendered":"<div class=\"mh-excerpt\"><p>kovov\u00fd odzn\u00e1\u010dek Veter\u00e1n, vzadu s p\u0159ip\u00edn\u00e1n\u00edm pin, velikost cca 3cm<\/p>\n<\/div>","protected":false},"featured_media":2352,"template":"","meta":{"_monsterinsights_skip_tracking":false,"_monsterinsights_sitenote_active":false,"_monsterinsights_sitenote_note":"","_monsterinsights_sitenote_category":0},"product_brand":[],"product_cat":[60],"product_tag":[],"class_list":{"0":"post-1257","1":"product","2":"type-product","3":"status-publish","4":"has-post-thumbnail","6":"product_cat-ruzne","8":"first","9":"instock","10":"taxable","11":"shipping-taxable","12":"purchasable","13":"product-type-simple"},"_links":{"self":[{"href":"https:\/\/www.nospcr.cz\/servis\/wp-json\/wp\/v2\/product\/1257","targetHints":{"allow":["GET"]}}],"collection":[{"href":"https:\/\/www.nospcr.cz\/servis\/wp-json\/wp\/v2\/product"}],"about":[{"href":"https:\/\/www.nospcr.cz\/servis\/wp-json\/wp\/v2\/types\/product"}],"wp:featuredmedia":[{"embeddable":true,"href":"https:\/\/www.nospcr.cz\/servis\/wp-json\/wp\/v2\/media\/2352"}],"wp:attachment":[{"href":"https:\/\/www.nospcr.cz\/servis\/wp-json\/wp\/v2\/media?parent=1257"}],"wp:term":[{"taxonomy":"product_brand","embeddable":true,"href":"https:\/\/www.nospcr.cz\/servis\/wp-json\/wp\/v2\/product_brand?post=1257"},{"taxonomy":"product_cat","embeddable":true,"href":"https:\/\/www.nospcr.cz\/servis\/wp-json\/wp\/v2\/product_cat?post=1257"},{"taxonomy":"product_tag","embeddable":true,"href":"https:\/\/www.nospcr.cz\/servis\/wp-json\/wp\/v2\/product_tag?post=1257"}],"curies":[{"name":"wp","href":"https:\/\/api.w.org\/{rel}","templated":true}]}}