{"id":1259,"date":"2023-01-09T11:58:17","date_gmt":"2023-01-09T10:58:17","guid":{"rendered":"https:\/\/www.nospcr.cz\/servis\/?post_type=product&#038;p=1259"},"modified":"2026-04-19T07:27:54","modified_gmt":"2026-04-19T05:27:54","slug":"zetonky-do-kosiku-veteran-skladem","status":"publish","type":"product","link":"https:\/\/www.nospcr.cz\/servis\/produkt\/zetonky-do-kosiku-veteran-skladem\/","title":{"rendered":"Kl\u00ed\u010denka s plastov\u00fdm \u017eetonem logo VETER\u00c1N"},"content":{"rendered":"<p>b\u00edl\u00e9 \u017eetonky do ko\u0161\u00edk\u016f s barevn\u00fdm logem Veter\u00e1n NOS P\u010cR v podob\u011b kl\u00ed\u010denky<\/p>\n","protected":false},"excerpt":{"rendered":"<div class=\"mh-excerpt\"><p>b\u00edl\u00e9 \u017eetonky do ko\u0161\u00edk\u016f s barevn\u00fdm logem Veter\u00e1n NOS P\u010cR v podob\u011b kl\u00ed\u010denky<\/p>\n<\/div>","protected":false},"featured_media":2333,"template":"","meta":{"_monsterinsights_skip_tracking":false,"_monsterinsights_sitenote_active":false,"_monsterinsights_sitenote_note":"","_monsterinsights_sitenote_category":0},"product_brand":[],"product_cat":[60],"product_tag":[],"class_list":{"0":"post-1259","1":"product","2":"type-product","3":"status-publish","4":"has-post-thumbnail","6":"product_cat-ruzne","8":"first","9":"instock","10":"taxable","11":"shipping-taxable","12":"purchasable","13":"product-type-simple"},"_links":{"self":[{"href":"https:\/\/www.nospcr.cz\/servis\/wp-json\/wp\/v2\/product\/1259","targetHints":{"allow":["GET"]}}],"collection":[{"href":"https:\/\/www.nospcr.cz\/servis\/wp-json\/wp\/v2\/product"}],"about":[{"href":"https:\/\/www.nospcr.cz\/servis\/wp-json\/wp\/v2\/types\/product"}],"wp:featuredmedia":[{"embeddable":true,"href":"https:\/\/www.nospcr.cz\/servis\/wp-json\/wp\/v2\/media\/2333"}],"wp:attachment":[{"href":"https:\/\/www.nospcr.cz\/servis\/wp-json\/wp\/v2\/media?parent=1259"}],"wp:term":[{"taxonomy":"product_brand","embeddable":true,"href":"https:\/\/www.nospcr.cz\/servis\/wp-json\/wp\/v2\/product_brand?post=1259"},{"taxonomy":"product_cat","embeddable":true,"href":"https:\/\/www.nospcr.cz\/servis\/wp-json\/wp\/v2\/product_cat?post=1259"},{"taxonomy":"product_tag","embeddable":true,"href":"https:\/\/www.nospcr.cz\/servis\/wp-json\/wp\/v2\/product_tag?post=1259"}],"curies":[{"name":"wp","href":"https:\/\/api.w.org\/{rel}","templated":true}]}}