{"id":1261,"date":"2023-01-09T13:49:57","date_gmt":"2023-01-09T12:49:57","guid":{"rendered":"https:\/\/www.nospcr.cz\/servis\/?post_type=product&#038;p=1261"},"modified":"2026-04-19T07:27:54","modified_gmt":"2026-04-19T05:27:54","slug":"snury-na-krk-veteran-skladem","status":"publish","type":"product","link":"https:\/\/www.nospcr.cz\/servis\/produkt\/snury-na-krk-veteran-skladem\/","title":{"rendered":"\u0160\u0148\u016fra na kl\u00ed\u010de Veter\u00e1n"},"content":{"rendered":"<p>\u0161\u0148\u016fra na kl\u00ed\u010de Veter\u00e1n 20mm, kovov\u00e1 karabina, \u010dern\u00fd odd\u011blova\u010d sublimace<\/p>\n","protected":false},"excerpt":{"rendered":"<div class=\"mh-excerpt\"><p>\u0161\u0148\u016fra na kl\u00ed\u010de Veter\u00e1n 20mm, kovov\u00e1 karabina, \u010dern\u00fd odd\u011blova\u010d sublimace<\/p>\n<\/div>","protected":false},"featured_media":2372,"template":"","meta":{"_monsterinsights_skip_tracking":false,"_monsterinsights_sitenote_active":false,"_monsterinsights_sitenote_note":"","_monsterinsights_sitenote_category":0},"product_brand":[],"product_cat":[60],"product_tag":[],"class_list":{"0":"post-1261","1":"product","2":"type-product","3":"status-publish","4":"has-post-thumbnail","6":"product_cat-ruzne","8":"first","9":"instock","10":"taxable","11":"shipping-taxable","12":"purchasable","13":"product-type-simple"},"_links":{"self":[{"href":"https:\/\/www.nospcr.cz\/servis\/wp-json\/wp\/v2\/product\/1261","targetHints":{"allow":["GET"]}}],"collection":[{"href":"https:\/\/www.nospcr.cz\/servis\/wp-json\/wp\/v2\/product"}],"about":[{"href":"https:\/\/www.nospcr.cz\/servis\/wp-json\/wp\/v2\/types\/product"}],"wp:featuredmedia":[{"embeddable":true,"href":"https:\/\/www.nospcr.cz\/servis\/wp-json\/wp\/v2\/media\/2372"}],"wp:attachment":[{"href":"https:\/\/www.nospcr.cz\/servis\/wp-json\/wp\/v2\/media?parent=1261"}],"wp:term":[{"taxonomy":"product_brand","embeddable":true,"href":"https:\/\/www.nospcr.cz\/servis\/wp-json\/wp\/v2\/product_brand?post=1261"},{"taxonomy":"product_cat","embeddable":true,"href":"https:\/\/www.nospcr.cz\/servis\/wp-json\/wp\/v2\/product_cat?post=1261"},{"taxonomy":"product_tag","embeddable":true,"href":"https:\/\/www.nospcr.cz\/servis\/wp-json\/wp\/v2\/product_tag?post=1261"}],"curies":[{"name":"wp","href":"https:\/\/api.w.org\/{rel}","templated":true}]}}