{"id":1314,"date":"2023-01-20T10:18:44","date_gmt":"2023-01-20T09:18:44","guid":{"rendered":"https:\/\/www.nospcr.cz\/servis\/?post_type=product&#038;p=1314"},"modified":"2026-03-30T08:12:56","modified_gmt":"2026-03-30T06:12:56","slug":"batuzek-tmavomodry-veteran-skladem-neprodejne","status":"publish","type":"product","link":"https:\/\/www.nospcr.cz\/servis\/produkt\/batuzek-tmavomodry-veteran-skladem-neprodejne\/","title":{"rendered":"Vak tmav\u011b modr\u00fd s logem VETER\u00c1N P\u010cR"},"content":{"rendered":"<p>tmav\u011b modr\u00fd vak s b\u00edl\u00fdm logem veter\u00e1n, zap\u00edn\u00e1n\u00ed na \u0161\u0148\u016frky, ko\u017eenkov\u00e9 rohy, materi\u00e1l polyester<\/p>\n","protected":false},"excerpt":{"rendered":"<div class=\"mh-excerpt\"><p>tmav\u011b modr\u00fd vak s b\u00edl\u00fdm logem veter\u00e1n, zap\u00edn\u00e1n\u00ed na \u0161\u0148\u016frky, ko\u017eenkov\u00e9 rohy, materi\u00e1l polyester<\/p>\n<\/div>","protected":false},"featured_media":1315,"template":"","meta":{"_monsterinsights_skip_tracking":false,"_monsterinsights_sitenote_active":false,"_monsterinsights_sitenote_note":"","_monsterinsights_sitenote_category":0},"product_brand":[],"product_cat":[29],"product_tag":[],"class_list":{"0":"post-1314","1":"product","2":"type-product","3":"status-publish","4":"has-post-thumbnail","6":"product_cat-textil","8":"first","9":"instock","10":"taxable","11":"shipping-taxable","12":"purchasable","13":"product-type-simple"},"_links":{"self":[{"href":"https:\/\/www.nospcr.cz\/servis\/wp-json\/wp\/v2\/product\/1314","targetHints":{"allow":["GET"]}}],"collection":[{"href":"https:\/\/www.nospcr.cz\/servis\/wp-json\/wp\/v2\/product"}],"about":[{"href":"https:\/\/www.nospcr.cz\/servis\/wp-json\/wp\/v2\/types\/product"}],"wp:featuredmedia":[{"embeddable":true,"href":"https:\/\/www.nospcr.cz\/servis\/wp-json\/wp\/v2\/media\/1315"}],"wp:attachment":[{"href":"https:\/\/www.nospcr.cz\/servis\/wp-json\/wp\/v2\/media?parent=1314"}],"wp:term":[{"taxonomy":"product_brand","embeddable":true,"href":"https:\/\/www.nospcr.cz\/servis\/wp-json\/wp\/v2\/product_brand?post=1314"},{"taxonomy":"product_cat","embeddable":true,"href":"https:\/\/www.nospcr.cz\/servis\/wp-json\/wp\/v2\/product_cat?post=1314"},{"taxonomy":"product_tag","embeddable":true,"href":"https:\/\/www.nospcr.cz\/servis\/wp-json\/wp\/v2\/product_tag?post=1314"}],"curies":[{"name":"wp","href":"https:\/\/api.w.org\/{rel}","templated":true}]}}