{"id":1380,"date":"2025-01-23T10:00:43","date_gmt":"2025-01-23T09:00:43","guid":{"rendered":"https:\/\/www.nospcr.cz\/servis\/?post_type=product&#038;p=1380"},"modified":"2026-02-21T09:05:41","modified_gmt":"2026-02-21T08:05:41","slug":"diplomove-desky-a4-s-razbou","status":"publish","type":"product","link":"https:\/\/www.nospcr.cz\/servis\/produkt\/diplomove-desky-a4-s-razbou\/","title":{"rendered":"Diplomov\u00e9 desky A4 zelen\u00e1 KO\u017dENKA s ra\u017ebou NOS P\u010cR"},"content":{"rendered":"<p>zelen\u00e1 ko\u017eenka<\/p>\n","protected":false},"excerpt":{"rendered":"<div class=\"mh-excerpt\"><p>zelen\u00e1 ko\u017eenka<\/p>\n<\/div>","protected":false},"featured_media":2358,"template":"","meta":{"_monsterinsights_skip_tracking":false,"_monsterinsights_sitenote_active":false,"_monsterinsights_sitenote_note":"","_monsterinsights_sitenote_category":0},"product_brand":[],"product_cat":[59],"product_tag":[],"class_list":{"0":"post-1380","1":"product","2":"type-product","3":"status-publish","4":"has-post-thumbnail","6":"product_cat-kancelarske-potreby","8":"first","9":"instock","10":"taxable","11":"shipping-taxable","12":"purchasable","13":"product-type-simple"},"_links":{"self":[{"href":"https:\/\/www.nospcr.cz\/servis\/wp-json\/wp\/v2\/product\/1380","targetHints":{"allow":["GET"]}}],"collection":[{"href":"https:\/\/www.nospcr.cz\/servis\/wp-json\/wp\/v2\/product"}],"about":[{"href":"https:\/\/www.nospcr.cz\/servis\/wp-json\/wp\/v2\/types\/product"}],"wp:featuredmedia":[{"embeddable":true,"href":"https:\/\/www.nospcr.cz\/servis\/wp-json\/wp\/v2\/media\/2358"}],"wp:attachment":[{"href":"https:\/\/www.nospcr.cz\/servis\/wp-json\/wp\/v2\/media?parent=1380"}],"wp:term":[{"taxonomy":"product_brand","embeddable":true,"href":"https:\/\/www.nospcr.cz\/servis\/wp-json\/wp\/v2\/product_brand?post=1380"},{"taxonomy":"product_cat","embeddable":true,"href":"https:\/\/www.nospcr.cz\/servis\/wp-json\/wp\/v2\/product_cat?post=1380"},{"taxonomy":"product_tag","embeddable":true,"href":"https:\/\/www.nospcr.cz\/servis\/wp-json\/wp\/v2\/product_tag?post=1380"}],"curies":[{"name":"wp","href":"https:\/\/api.w.org\/{rel}","templated":true}]}}