{"id":1597,"date":"2023-10-31T10:40:32","date_gmt":"2023-10-31T09:40:32","guid":{"rendered":"https:\/\/www.nospcr.cz\/servis\/?post_type=product&#038;p=1597"},"modified":"2025-02-26T10:12:44","modified_gmt":"2025-02-26T09:12:44","slug":"sklenena-misa-glacier-s-logem-nos-pcr","status":"publish","type":"product","link":"https:\/\/www.nospcr.cz\/servis\/produkt\/sklenena-misa-glacier-s-logem-nos-pcr\/","title":{"rendered":"Sklen\u011bn\u00e1 m\u00edsa Glacier s logem NOS P\u010cR"},"content":{"rendered":"<p>p\u00edskovan\u00e9 logo NOS P\u010cR. Zbo\u017e\u00ed je balen\u00e9 v pap\u00edrov\u00e9 krabi\u010dce s modr\u00fdm sat\u00e9nem.<\/p>\n","protected":false},"excerpt":{"rendered":"<div class=\"mh-excerpt\"><p>p\u00edskovan\u00e9 logo NOS P\u010cR. Zbo\u017e\u00ed je balen\u00e9 v pap\u00edrov\u00e9 krabi\u010dce s modr\u00fdm sat\u00e9nem.<\/p>\n<\/div>","protected":false},"featured_media":1598,"template":"","meta":{"_monsterinsights_skip_tracking":false,"_monsterinsights_sitenote_active":false,"_monsterinsights_sitenote_note":"","_monsterinsights_sitenote_category":0},"product_brand":[],"product_cat":[18],"product_tag":[],"class_list":{"0":"post-1597","1":"product","2":"type-product","3":"status-publish","4":"has-post-thumbnail","6":"product_cat-sklo-keramila","8":"first","9":"instock","10":"taxable","11":"shipping-taxable","12":"purchasable","13":"product-type-simple"},"_links":{"self":[{"href":"https:\/\/www.nospcr.cz\/servis\/wp-json\/wp\/v2\/product\/1597","targetHints":{"allow":["GET"]}}],"collection":[{"href":"https:\/\/www.nospcr.cz\/servis\/wp-json\/wp\/v2\/product"}],"about":[{"href":"https:\/\/www.nospcr.cz\/servis\/wp-json\/wp\/v2\/types\/product"}],"wp:featuredmedia":[{"embeddable":true,"href":"https:\/\/www.nospcr.cz\/servis\/wp-json\/wp\/v2\/media\/1598"}],"wp:attachment":[{"href":"https:\/\/www.nospcr.cz\/servis\/wp-json\/wp\/v2\/media?parent=1597"}],"wp:term":[{"taxonomy":"product_brand","embeddable":true,"href":"https:\/\/www.nospcr.cz\/servis\/wp-json\/wp\/v2\/product_brand?post=1597"},{"taxonomy":"product_cat","embeddable":true,"href":"https:\/\/www.nospcr.cz\/servis\/wp-json\/wp\/v2\/product_cat?post=1597"},{"taxonomy":"product_tag","embeddable":true,"href":"https:\/\/www.nospcr.cz\/servis\/wp-json\/wp\/v2\/product_tag?post=1597"}],"curies":[{"name":"wp","href":"https:\/\/api.w.org\/{rel}","templated":true}]}}