{"id":1599,"date":"2023-10-31T10:43:18","date_gmt":"2023-10-31T09:43:18","guid":{"rendered":"https:\/\/www.nospcr.cz\/servis\/?post_type=product&#038;p=1599"},"modified":"2025-10-30T09:35:11","modified_gmt":"2025-10-30T08:35:11","slug":"sklenena-vaza-orbit-315-mm-s-logem-nos-pcr","status":"publish","type":"product","link":"https:\/\/www.nospcr.cz\/servis\/produkt\/sklenena-vaza-orbit-315-mm-s-logem-nos-pcr\/","title":{"rendered":"Sklen\u011bn\u00e1 v\u00e1za Orbit 315 mm s logem NOS P\u010cR"},"content":{"rendered":"<p>P\u00edskovan\u00e9 logo NOS P\u010cR. V\u00fd\u0161ka v\u00e1zy 315 mm, zbo\u017e\u00ed zabalen\u00e9 v pap\u00edrov\u00e9 krabi\u010dce s modr\u00fdm sat\u00e9nem.<\/p>\n","protected":false},"excerpt":{"rendered":"<div class=\"mh-excerpt\"><p>P\u00edskovan\u00e9 logo NOS P\u010cR. V\u00fd\u0161ka v\u00e1zy 315 mm, zbo\u017e\u00ed zabalen\u00e9 v pap\u00edrov\u00e9 krabi\u010dce s modr\u00fdm sat\u00e9nem.<\/p>\n<\/div>","protected":false},"featured_media":1600,"template":"","meta":{"_monsterinsights_skip_tracking":false,"_monsterinsights_sitenote_active":false,"_monsterinsights_sitenote_note":"","_monsterinsights_sitenote_category":0},"product_brand":[],"product_cat":[18],"product_tag":[],"class_list":{"0":"post-1599","1":"product","2":"type-product","3":"status-publish","4":"has-post-thumbnail","6":"product_cat-sklo-keramila","8":"first","9":"instock","10":"taxable","11":"shipping-taxable","12":"purchasable","13":"product-type-simple"},"_links":{"self":[{"href":"https:\/\/www.nospcr.cz\/servis\/wp-json\/wp\/v2\/product\/1599","targetHints":{"allow":["GET"]}}],"collection":[{"href":"https:\/\/www.nospcr.cz\/servis\/wp-json\/wp\/v2\/product"}],"about":[{"href":"https:\/\/www.nospcr.cz\/servis\/wp-json\/wp\/v2\/types\/product"}],"wp:featuredmedia":[{"embeddable":true,"href":"https:\/\/www.nospcr.cz\/servis\/wp-json\/wp\/v2\/media\/1600"}],"wp:attachment":[{"href":"https:\/\/www.nospcr.cz\/servis\/wp-json\/wp\/v2\/media?parent=1599"}],"wp:term":[{"taxonomy":"product_brand","embeddable":true,"href":"https:\/\/www.nospcr.cz\/servis\/wp-json\/wp\/v2\/product_brand?post=1599"},{"taxonomy":"product_cat","embeddable":true,"href":"https:\/\/www.nospcr.cz\/servis\/wp-json\/wp\/v2\/product_cat?post=1599"},{"taxonomy":"product_tag","embeddable":true,"href":"https:\/\/www.nospcr.cz\/servis\/wp-json\/wp\/v2\/product_tag?post=1599"}],"curies":[{"name":"wp","href":"https:\/\/api.w.org\/{rel}","templated":true}]}}