{"id":2251,"date":"2025-01-24T11:30:28","date_gmt":"2025-01-24T10:30:28","guid":{"rendered":"https:\/\/www.nospcr.cz\/servis\/?post_type=product&#038;p=2251"},"modified":"2026-03-25T08:41:00","modified_gmt":"2026-03-25T07:41:00","slug":"plastovy-kelimek-veteran-nos-pcr-05-litru","status":"publish","type":"product","link":"https:\/\/www.nospcr.cz\/servis\/produkt\/plastovy-kelimek-veteran-nos-pcr-05-litru\/","title":{"rendered":"Plastov\u00fd kel\u00edmek Veter\u00e1n NOS P\u010cR"},"content":{"rendered":"<p>platov\u00fd se zadn\u00edm uchem\u00a0 objem 0,5 litru<\/p>\n<p>(mo\u017eno jako odm\u011brka s ryskou od\u00a0 0,3 -0,5 litru)<\/p>\n<p>&nbsp;<\/p>\n","protected":false},"excerpt":{"rendered":"<div class=\"mh-excerpt\"><p>platov\u00fd se zadn\u00edm uchem\u00a0 objem 0,5 litru (mo\u017eno jako odm\u011brka s ryskou od\u00a0 0,3 -0,5 litru) &nbsp;<\/p>\n<\/div>","protected":false},"featured_media":2314,"template":"","meta":{"_monsterinsights_skip_tracking":false,"_monsterinsights_sitenote_active":false,"_monsterinsights_sitenote_note":"","_monsterinsights_sitenote_category":0},"product_brand":[],"product_cat":[60],"product_tag":[],"class_list":{"0":"post-2251","1":"product","2":"type-product","3":"status-publish","4":"has-post-thumbnail","6":"product_cat-ruzne","8":"first","9":"instock","10":"taxable","11":"shipping-taxable","12":"purchasable","13":"product-type-simple"},"_links":{"self":[{"href":"https:\/\/www.nospcr.cz\/servis\/wp-json\/wp\/v2\/product\/2251","targetHints":{"allow":["GET"]}}],"collection":[{"href":"https:\/\/www.nospcr.cz\/servis\/wp-json\/wp\/v2\/product"}],"about":[{"href":"https:\/\/www.nospcr.cz\/servis\/wp-json\/wp\/v2\/types\/product"}],"wp:featuredmedia":[{"embeddable":true,"href":"https:\/\/www.nospcr.cz\/servis\/wp-json\/wp\/v2\/media\/2314"}],"wp:attachment":[{"href":"https:\/\/www.nospcr.cz\/servis\/wp-json\/wp\/v2\/media?parent=2251"}],"wp:term":[{"taxonomy":"product_brand","embeddable":true,"href":"https:\/\/www.nospcr.cz\/servis\/wp-json\/wp\/v2\/product_brand?post=2251"},{"taxonomy":"product_cat","embeddable":true,"href":"https:\/\/www.nospcr.cz\/servis\/wp-json\/wp\/v2\/product_cat?post=2251"},{"taxonomy":"product_tag","embeddable":true,"href":"https:\/\/www.nospcr.cz\/servis\/wp-json\/wp\/v2\/product_tag?post=2251"}],"curies":[{"name":"wp","href":"https:\/\/api.w.org\/{rel}","templated":true}]}}