{"id":2269,"date":"2025-02-05T12:00:16","date_gmt":"2025-02-05T11:00:16","guid":{"rendered":"https:\/\/www.nospcr.cz\/servis\/?post_type=product&#038;p=2269"},"modified":"2026-02-25T09:13:23","modified_gmt":"2026-02-25T08:13:23","slug":"svicka-vonna-v-plechove-doze-s-logem-nos-pcr","status":"publish","type":"product","link":"https:\/\/www.nospcr.cz\/servis\/produkt\/svicka-vonna-v-plechove-doze-s-logem-nos-pcr\/","title":{"rendered":"Sv\u00ed\u010dka vonn\u00e1 v plechov\u00e9 d\u00f3ze s logem NOS P\u010cR"},"content":{"rendered":"<p>v\u016fn\u011b SKO\u0158ICE,\u00a0 60 g<\/p>\n","protected":false},"excerpt":{"rendered":"<div class=\"mh-excerpt\"><p>v\u016fn\u011b SKO\u0158ICE,\u00a0 60 g<\/p>\n<\/div>","protected":false},"featured_media":2270,"template":"","meta":{"_monsterinsights_skip_tracking":false,"_monsterinsights_sitenote_active":false,"_monsterinsights_sitenote_note":"","_monsterinsights_sitenote_category":0},"product_brand":[],"product_cat":[60],"product_tag":[],"class_list":{"0":"post-2269","1":"product","2":"type-product","3":"status-publish","4":"has-post-thumbnail","6":"product_cat-ruzne","8":"first","9":"instock","10":"taxable","11":"shipping-taxable","12":"purchasable","13":"product-type-simple"},"_links":{"self":[{"href":"https:\/\/www.nospcr.cz\/servis\/wp-json\/wp\/v2\/product\/2269","targetHints":{"allow":["GET"]}}],"collection":[{"href":"https:\/\/www.nospcr.cz\/servis\/wp-json\/wp\/v2\/product"}],"about":[{"href":"https:\/\/www.nospcr.cz\/servis\/wp-json\/wp\/v2\/types\/product"}],"wp:featuredmedia":[{"embeddable":true,"href":"https:\/\/www.nospcr.cz\/servis\/wp-json\/wp\/v2\/media\/2270"}],"wp:attachment":[{"href":"https:\/\/www.nospcr.cz\/servis\/wp-json\/wp\/v2\/media?parent=2269"}],"wp:term":[{"taxonomy":"product_brand","embeddable":true,"href":"https:\/\/www.nospcr.cz\/servis\/wp-json\/wp\/v2\/product_brand?post=2269"},{"taxonomy":"product_cat","embeddable":true,"href":"https:\/\/www.nospcr.cz\/servis\/wp-json\/wp\/v2\/product_cat?post=2269"},{"taxonomy":"product_tag","embeddable":true,"href":"https:\/\/www.nospcr.cz\/servis\/wp-json\/wp\/v2\/product_tag?post=2269"}],"curies":[{"name":"wp","href":"https:\/\/api.w.org\/{rel}","templated":true}]}}