{"id":2532,"date":"2025-09-17T08:26:24","date_gmt":"2025-09-17T06:26:24","guid":{"rendered":"https:\/\/www.nospcr.cz\/servis\/?post_type=product&#038;p=2532"},"modified":"2025-12-30T17:51:11","modified_gmt":"2025-12-30T16:51:11","slug":"papirova-taska-eco-s-cernobilym-logem-nos-pcr-nove","status":"publish","type":"product","link":"https:\/\/www.nospcr.cz\/servis\/produkt\/papirova-taska-eco-s-cernobilym-logem-nos-pcr-nove\/","title":{"rendered":"Pap\u00edrov\u00e1 ta\u0161ka ECO &#8211; \u010dernob\u00edl\u00e9 logo NOS P\u010cR (nov\u00e9)"},"content":{"rendered":"<p>Pap\u00edrov\u00e1 ta\u0161ka ECO s \u010dernob\u00edl\u00fdm logem NOS P\u010cR<\/p>\n<p>24 x 11 x 33<\/p>\n","protected":false},"excerpt":{"rendered":"<div class=\"mh-excerpt\"><p>Pap\u00edrov\u00e1 ta\u0161ka ECO s \u010dernob\u00edl\u00fdm logem NOS P\u010cR 24 x 11 x 33<\/p>\n<\/div>","protected":false},"featured_media":2371,"template":"","meta":{"_monsterinsights_skip_tracking":false,"_monsterinsights_sitenote_active":false,"_monsterinsights_sitenote_note":"","_monsterinsights_sitenote_category":0},"product_brand":[],"product_cat":[59],"product_tag":[],"class_list":{"0":"post-2532","1":"product","2":"type-product","3":"status-publish","4":"has-post-thumbnail","6":"product_cat-kancelarske-potreby","8":"first","9":"instock","10":"taxable","11":"shipping-taxable","12":"purchasable","13":"product-type-simple"},"_links":{"self":[{"href":"https:\/\/www.nospcr.cz\/servis\/wp-json\/wp\/v2\/product\/2532","targetHints":{"allow":["GET"]}}],"collection":[{"href":"https:\/\/www.nospcr.cz\/servis\/wp-json\/wp\/v2\/product"}],"about":[{"href":"https:\/\/www.nospcr.cz\/servis\/wp-json\/wp\/v2\/types\/product"}],"wp:featuredmedia":[{"embeddable":true,"href":"https:\/\/www.nospcr.cz\/servis\/wp-json\/wp\/v2\/media\/2371"}],"wp:attachment":[{"href":"https:\/\/www.nospcr.cz\/servis\/wp-json\/wp\/v2\/media?parent=2532"}],"wp:term":[{"taxonomy":"product_brand","embeddable":true,"href":"https:\/\/www.nospcr.cz\/servis\/wp-json\/wp\/v2\/product_brand?post=2532"},{"taxonomy":"product_cat","embeddable":true,"href":"https:\/\/www.nospcr.cz\/servis\/wp-json\/wp\/v2\/product_cat?post=2532"},{"taxonomy":"product_tag","embeddable":true,"href":"https:\/\/www.nospcr.cz\/servis\/wp-json\/wp\/v2\/product_tag?post=2532"}],"curies":[{"name":"wp","href":"https:\/\/api.w.org\/{rel}","templated":true}]}}