{"id":2539,"date":"2025-09-25T13:50:46","date_gmt":"2025-09-25T11:50:46","guid":{"rendered":"https:\/\/www.nospcr.cz\/servis\/?post_type=product&#038;p=2539"},"modified":"2026-04-01T01:03:53","modified_gmt":"2026-03-31T23:03:53","slug":"blok-a5-cerny-s-gumou-logem-nos-pcr","status":"publish","type":"product","link":"https:\/\/www.nospcr.cz\/servis\/produkt\/blok-a5-cerny-s-gumou-logem-nos-pcr\/","title":{"rendered":"Z\u00e1pisn\u00edk A5 \u010cERN\u00dd s \u010dernou gumou, logem NOS P\u010cR"},"content":{"rendered":"<p>z\u00e1pisn\u00edk blok A5 s logem NOS P\u010cR<br \/>\nlisty b\u00edl\u00e9 barvy s te\u010dkami<br \/>\ns \u010cERNOU gumi\u010dkou a \u010cERNOU z\u00e1lo\u017ekou ve form\u011b stuhy<\/p>\n","protected":false},"excerpt":{"rendered":"<div class=\"mh-excerpt\"><p>z\u00e1pisn\u00edk blok A5 s logem NOS P\u010cR listy b\u00edl\u00e9 barvy s te\u010dkami s \u010cERNOU gumi\u010dkou a \u010cERNOU z\u00e1lo\u017ekou ve form\u011b stuhy<\/p>\n<\/div>","protected":false},"featured_media":2549,"template":"","meta":{"_monsterinsights_skip_tracking":false,"_monsterinsights_sitenote_active":false,"_monsterinsights_sitenote_note":"","_monsterinsights_sitenote_category":0},"product_brand":[],"product_cat":[59],"product_tag":[],"class_list":{"0":"post-2539","1":"product","2":"type-product","3":"status-publish","4":"has-post-thumbnail","6":"product_cat-kancelarske-potreby","8":"first","9":"instock","10":"taxable","11":"shipping-taxable","12":"purchasable","13":"product-type-simple"},"_links":{"self":[{"href":"https:\/\/www.nospcr.cz\/servis\/wp-json\/wp\/v2\/product\/2539","targetHints":{"allow":["GET"]}}],"collection":[{"href":"https:\/\/www.nospcr.cz\/servis\/wp-json\/wp\/v2\/product"}],"about":[{"href":"https:\/\/www.nospcr.cz\/servis\/wp-json\/wp\/v2\/types\/product"}],"wp:featuredmedia":[{"embeddable":true,"href":"https:\/\/www.nospcr.cz\/servis\/wp-json\/wp\/v2\/media\/2549"}],"wp:attachment":[{"href":"https:\/\/www.nospcr.cz\/servis\/wp-json\/wp\/v2\/media?parent=2539"}],"wp:term":[{"taxonomy":"product_brand","embeddable":true,"href":"https:\/\/www.nospcr.cz\/servis\/wp-json\/wp\/v2\/product_brand?post=2539"},{"taxonomy":"product_cat","embeddable":true,"href":"https:\/\/www.nospcr.cz\/servis\/wp-json\/wp\/v2\/product_cat?post=2539"},{"taxonomy":"product_tag","embeddable":true,"href":"https:\/\/www.nospcr.cz\/servis\/wp-json\/wp\/v2\/product_tag?post=2539"}],"curies":[{"name":"wp","href":"https:\/\/api.w.org\/{rel}","templated":true}]}}