{"id":2540,"date":"2025-09-25T13:52:00","date_gmt":"2025-09-25T11:52:00","guid":{"rendered":"https:\/\/www.nospcr.cz\/servis\/?post_type=product&#038;p=2540"},"modified":"2026-04-01T01:03:53","modified_gmt":"2026-03-31T23:03:53","slug":"desky-klipove-cerne-s-logem-nos-pcr","status":"publish","type":"product","link":"https:\/\/www.nospcr.cz\/servis\/produkt\/desky-klipove-cerne-s-logem-nos-pcr\/","title":{"rendered":"Desky s klipem uzav\u00edrateln\u00e9, s logem NOS P\u010cR"},"content":{"rendered":"<p>Uzav\u00edrateln\u00e1 psac\u00ed podlo\u017eka form\u00e1tu A4 ,\u00a0 z klasick\u00e9ho PVC a pevn\u00e9 lepenky<\/p>\n<p>Je opat\u0159ena rychloup\u00ednac\u00edm kovov\u00fdm klipem s dr\u017e\u00e1tkem na propisku.<\/p>\n<p>Uvnit\u0159 desek je transparentn\u00ed\u00a0 kapsa na dokumenty.<\/p>\n","protected":false},"excerpt":{"rendered":"<div class=\"mh-excerpt\"><p>Uzav\u00edrateln\u00e1 psac\u00ed podlo\u017eka form\u00e1tu A4 ,\u00a0 z klasick\u00e9ho PVC a pevn\u00e9 lepenky Je opat\u0159ena rychloup\u00ednac\u00edm kovov\u00fdm klipem s dr\u017e\u00e1tkem na propisku. Uvnit\u0159 desek je transparentn\u00ed\u00a0 kapsa na dokumenty.<\/p>\n<\/div>","protected":false},"featured_media":2547,"template":"","meta":{"_monsterinsights_skip_tracking":false,"_monsterinsights_sitenote_active":false,"_monsterinsights_sitenote_note":"","_monsterinsights_sitenote_category":0},"product_brand":[],"product_cat":[59],"product_tag":[],"class_list":{"0":"post-2540","1":"product","2":"type-product","3":"status-publish","4":"has-post-thumbnail","6":"product_cat-kancelarske-potreby","8":"first","9":"instock","10":"taxable","11":"shipping-taxable","12":"purchasable","13":"product-type-simple"},"_links":{"self":[{"href":"https:\/\/www.nospcr.cz\/servis\/wp-json\/wp\/v2\/product\/2540","targetHints":{"allow":["GET"]}}],"collection":[{"href":"https:\/\/www.nospcr.cz\/servis\/wp-json\/wp\/v2\/product"}],"about":[{"href":"https:\/\/www.nospcr.cz\/servis\/wp-json\/wp\/v2\/types\/product"}],"wp:featuredmedia":[{"embeddable":true,"href":"https:\/\/www.nospcr.cz\/servis\/wp-json\/wp\/v2\/media\/2547"}],"wp:attachment":[{"href":"https:\/\/www.nospcr.cz\/servis\/wp-json\/wp\/v2\/media?parent=2540"}],"wp:term":[{"taxonomy":"product_brand","embeddable":true,"href":"https:\/\/www.nospcr.cz\/servis\/wp-json\/wp\/v2\/product_brand?post=2540"},{"taxonomy":"product_cat","embeddable":true,"href":"https:\/\/www.nospcr.cz\/servis\/wp-json\/wp\/v2\/product_cat?post=2540"},{"taxonomy":"product_tag","embeddable":true,"href":"https:\/\/www.nospcr.cz\/servis\/wp-json\/wp\/v2\/product_tag?post=2540"}],"curies":[{"name":"wp","href":"https:\/\/api.w.org\/{rel}","templated":true}]}}