{"id":2570,"date":"2025-10-24T13:53:27","date_gmt":"2025-10-24T11:53:27","guid":{"rendered":"https:\/\/www.nospcr.cz\/servis\/?post_type=product&#038;p=2570"},"modified":"2026-04-29T09:49:37","modified_gmt":"2026-04-29T07:49:37","slug":"kalendar-nastenny-nos-pcr-2026","status":"publish","type":"product","link":"https:\/\/www.nospcr.cz\/servis\/produkt\/kalendar-nastenny-nos-pcr-2026\/","title":{"rendered":"Kalend\u00e1\u0159 n\u00e1st\u011bnn\u00fd NOS P\u010cR 2026"},"content":{"rendered":"<p>t\u0159\u00edm\u011bs\u00ed\u010dn\u00ed,\u00a0 v\u010detn\u011b posuvn\u00edku s \u010derven\u00fdm r\u00e1me\u010dkem<\/p>\n","protected":false},"excerpt":{"rendered":"<div class=\"mh-excerpt\"><p>t\u0159\u00edm\u011bs\u00ed\u010dn\u00ed,\u00a0 v\u010detn\u011b posuvn\u00edku s \u010derven\u00fdm r\u00e1me\u010dkem<\/p>\n<\/div>","protected":false},"featured_media":2571,"template":"","meta":{"_monsterinsights_skip_tracking":false,"_monsterinsights_sitenote_active":false,"_monsterinsights_sitenote_note":"","_monsterinsights_sitenote_category":0},"product_brand":[],"product_cat":[59],"product_tag":[],"class_list":{"0":"post-2570","1":"product","2":"type-product","3":"status-publish","4":"has-post-thumbnail","6":"product_cat-kancelarske-potreby","8":"first","9":"instock","10":"sale","11":"taxable","12":"shipping-taxable","13":"purchasable","14":"product-type-simple"},"_links":{"self":[{"href":"https:\/\/www.nospcr.cz\/servis\/wp-json\/wp\/v2\/product\/2570","targetHints":{"allow":["GET"]}}],"collection":[{"href":"https:\/\/www.nospcr.cz\/servis\/wp-json\/wp\/v2\/product"}],"about":[{"href":"https:\/\/www.nospcr.cz\/servis\/wp-json\/wp\/v2\/types\/product"}],"wp:featuredmedia":[{"embeddable":true,"href":"https:\/\/www.nospcr.cz\/servis\/wp-json\/wp\/v2\/media\/2571"}],"wp:attachment":[{"href":"https:\/\/www.nospcr.cz\/servis\/wp-json\/wp\/v2\/media?parent=2570"}],"wp:term":[{"taxonomy":"product_brand","embeddable":true,"href":"https:\/\/www.nospcr.cz\/servis\/wp-json\/wp\/v2\/product_brand?post=2570"},{"taxonomy":"product_cat","embeddable":true,"href":"https:\/\/www.nospcr.cz\/servis\/wp-json\/wp\/v2\/product_cat?post=2570"},{"taxonomy":"product_tag","embeddable":true,"href":"https:\/\/www.nospcr.cz\/servis\/wp-json\/wp\/v2\/product_tag?post=2570"}],"curies":[{"name":"wp","href":"https:\/\/api.w.org\/{rel}","templated":true}]}}