{"id":2679,"date":"2025-12-03T09:00:22","date_gmt":"2025-12-03T08:00:22","guid":{"rendered":"https:\/\/www.nospcr.cz\/servis\/?post_type=product&#038;p=2679"},"modified":"2026-03-30T10:25:22","modified_gmt":"2026-03-30T08:25:22","slug":"mikina-cerna-s-kapuci-s-logem-nosala","status":"publish","type":"product","link":"https:\/\/www.nospcr.cz\/servis\/produkt\/mikina-cerna-s-kapuci-s-logem-nosala\/","title":{"rendered":"Mikina \u010cERN\u00c1 s kapuc\u00ed a logem Nos\u00e1la"},"content":{"rendered":"<p>Mikina \u010dern\u00e1 s kapuc\u00ed a\u00a0 kapsou &#8222;klok\u00e1nka&#8220; , vy\u0161\u00edvan\u00e9 logo Nos\u00e1la na p\u0159edn\u00ed stran\u011b velikosti 30 x 27 mm, na boku mal\u00e1 zelen\u00e1 cedulka\u00a0 Nos\u00e1l by NOS P\u010cR 100% bavlna organick\u00e1<\/p>\n","protected":false},"excerpt":{"rendered":"<div class=\"mh-excerpt\"><p>Mikina \u010dern\u00e1 s kapuc\u00ed a\u00a0 kapsou &#8222;klok\u00e1nka&#8220; , vy\u0161\u00edvan\u00e9 logo Nos\u00e1la na p\u0159edn\u00ed stran\u011b velikosti 30 x 27 mm, na boku mal\u00e1 zelen\u00e1 cedulka\u00a0 Nos\u00e1l by NOS P\u010cR 100% bavlna organick\u00e1<\/p>\n<\/div>","protected":false},"featured_media":2693,"template":"","meta":{"_monsterinsights_skip_tracking":false,"_monsterinsights_sitenote_active":false,"_monsterinsights_sitenote_note":"","_monsterinsights_sitenote_category":0},"product_brand":[],"product_cat":[29],"product_tag":[],"class_list":{"0":"post-2679","1":"product","2":"type-product","3":"status-publish","4":"has-post-thumbnail","6":"product_cat-textil","8":"first","9":"instock","10":"taxable","11":"shipping-taxable","12":"purchasable","13":"product-type-variable"},"_links":{"self":[{"href":"https:\/\/www.nospcr.cz\/servis\/wp-json\/wp\/v2\/product\/2679","targetHints":{"allow":["GET"]}}],"collection":[{"href":"https:\/\/www.nospcr.cz\/servis\/wp-json\/wp\/v2\/product"}],"about":[{"href":"https:\/\/www.nospcr.cz\/servis\/wp-json\/wp\/v2\/types\/product"}],"wp:featuredmedia":[{"embeddable":true,"href":"https:\/\/www.nospcr.cz\/servis\/wp-json\/wp\/v2\/media\/2693"}],"wp:attachment":[{"href":"https:\/\/www.nospcr.cz\/servis\/wp-json\/wp\/v2\/media?parent=2679"}],"wp:term":[{"taxonomy":"product_brand","embeddable":true,"href":"https:\/\/www.nospcr.cz\/servis\/wp-json\/wp\/v2\/product_brand?post=2679"},{"taxonomy":"product_cat","embeddable":true,"href":"https:\/\/www.nospcr.cz\/servis\/wp-json\/wp\/v2\/product_cat?post=2679"},{"taxonomy":"product_tag","embeddable":true,"href":"https:\/\/www.nospcr.cz\/servis\/wp-json\/wp\/v2\/product_tag?post=2679"}],"curies":[{"name":"wp","href":"https:\/\/api.w.org\/{rel}","templated":true}]}}