{"id":2795,"date":"2026-02-12T00:29:59","date_gmt":"2026-02-11T23:29:59","guid":{"rendered":"https:\/\/www.nospcr.cz\/servis\/?post_type=product&#038;p=2795"},"modified":"2026-04-07T09:53:33","modified_gmt":"2026-04-07T07:53:33","slug":"tricko-bile-s-logem-nosala","status":"publish","type":"product","link":"https:\/\/www.nospcr.cz\/servis\/produkt\/tricko-bile-s-logem-nosala\/","title":{"rendered":"Tri\u010dko B\u00cdL\u00c9  s logem Nos\u00e1la"},"content":{"rendered":"<p>Tri\u010dko B\u00cdL\u00c9, vy\u0161\u00edvan\u00e9 logo Nos\u00e1la na p\u0159edn\u00ed stran\u011b (velikosti 27 x 25 mm), na boku mal\u00e1 zelen\u00e1 cedulka Nos\u00e1l by NOS P\u010cR, 100% bavlna organick\u00e1<\/p>\n","protected":false},"excerpt":{"rendered":"<div class=\"mh-excerpt\"><p>Tri\u010dko B\u00cdL\u00c9, vy\u0161\u00edvan\u00e9 logo Nos\u00e1la na p\u0159edn\u00ed stran\u011b (velikosti 27 x 25 mm), na boku mal\u00e1 zelen\u00e1 cedulka Nos\u00e1l by NOS P\u010cR, 100% bavlna organick\u00e1<\/p>\n<\/div>","protected":false},"featured_media":2901,"template":"","meta":{"_monsterinsights_skip_tracking":false,"_monsterinsights_sitenote_active":false,"_monsterinsights_sitenote_note":"","_monsterinsights_sitenote_category":0},"product_brand":[],"product_cat":[29],"product_tag":[],"class_list":{"0":"post-2795","1":"product","2":"type-product","3":"status-publish","4":"has-post-thumbnail","6":"product_cat-textil","8":"first","9":"instock","10":"taxable","11":"shipping-taxable","12":"purchasable","13":"product-type-variable"},"_links":{"self":[{"href":"https:\/\/www.nospcr.cz\/servis\/wp-json\/wp\/v2\/product\/2795","targetHints":{"allow":["GET"]}}],"collection":[{"href":"https:\/\/www.nospcr.cz\/servis\/wp-json\/wp\/v2\/product"}],"about":[{"href":"https:\/\/www.nospcr.cz\/servis\/wp-json\/wp\/v2\/types\/product"}],"wp:featuredmedia":[{"embeddable":true,"href":"https:\/\/www.nospcr.cz\/servis\/wp-json\/wp\/v2\/media\/2901"}],"wp:attachment":[{"href":"https:\/\/www.nospcr.cz\/servis\/wp-json\/wp\/v2\/media?parent=2795"}],"wp:term":[{"taxonomy":"product_brand","embeddable":true,"href":"https:\/\/www.nospcr.cz\/servis\/wp-json\/wp\/v2\/product_brand?post=2795"},{"taxonomy":"product_cat","embeddable":true,"href":"https:\/\/www.nospcr.cz\/servis\/wp-json\/wp\/v2\/product_cat?post=2795"},{"taxonomy":"product_tag","embeddable":true,"href":"https:\/\/www.nospcr.cz\/servis\/wp-json\/wp\/v2\/product_tag?post=2795"}],"curies":[{"name":"wp","href":"https:\/\/api.w.org\/{rel}","templated":true}]}}