{"id":2836,"date":"2026-03-03T20:44:38","date_gmt":"2026-03-03T19:44:38","guid":{"rendered":"https:\/\/www.nospcr.cz\/servis\/?post_type=product&#038;p=2836"},"modified":"2026-04-07T12:10:23","modified_gmt":"2026-04-07T10:10:23","slug":"teplaky-cerne","status":"publish","type":"product","link":"https:\/\/www.nospcr.cz\/servis\/produkt\/teplaky-cerne\/","title":{"rendered":"Tepl\u00e1ky \u010cERN\u00c9 s logem Nos\u00e1la"},"content":{"rendered":"<p><b>Tepl\u00e1ky<\/b>\u00a0<b>\u010cERN\u00c9 s vy\u0161it\u00fdm logem Nos\u00e1la na p\u0159edn\u00ed stran\u011b (velikosti 27 x 25 mm), na zadn\u00ed stran\u011b\u00a0 mal\u00e1 zelen\u00e1 cedulka Nos\u00e1l by NOS P\u010cR<\/b><\/p>\n<p><b> 100% bavlna organick\u00e1<\/b><\/p>\n<p><b>na boc\u00edch vnit\u0159n\u00ed kapsy, jedna na\u0161it\u00e1 kapsa i vzadu<\/b><\/p>\n<p><b>nohavice dole do gumy<\/b><\/p>\n<p><b>pru\u017en\u00fd pas s gumou, nav\u00edc se \u0161\u0148\u016frkou\u00a0<\/b><\/p>\n","protected":false},"excerpt":{"rendered":"<div class=\"mh-excerpt\"><p>Tepl\u00e1ky\u00a0\u010cERN\u00c9 s vy\u0161it\u00fdm logem Nos\u00e1la na p\u0159edn\u00ed stran\u011b (velikosti 27 x 25 mm), na zadn\u00ed stran\u011b\u00a0 mal\u00e1 zelen\u00e1 cedulka Nos\u00e1l by NOS P\u010cR 100% bavlna organick\u00e1 na boc\u00edch vnit\u0159n\u00ed kapsy, jedna na\u0161it\u00e1 kapsa i vzadu <a class=\"mh-excerpt-more\" href=\"https:\/\/www.nospcr.cz\/servis\/produkt\/teplaky-cerne\/\" title=\"Tepl\u00e1ky \u010cERN\u00c9 s logem Nos\u00e1la\">[&#8230;]<\/a><\/p>\n<\/div>","protected":false},"featured_media":2915,"template":"","meta":{"_monsterinsights_skip_tracking":false,"_monsterinsights_sitenote_active":false,"_monsterinsights_sitenote_note":"","_monsterinsights_sitenote_category":0},"product_brand":[],"product_cat":[29],"product_tag":[],"class_list":{"0":"post-2836","1":"product","2":"type-product","3":"status-publish","4":"has-post-thumbnail","6":"product_cat-textil","8":"first","9":"instock","10":"taxable","11":"shipping-taxable","12":"purchasable","13":"product-type-variable"},"_links":{"self":[{"href":"https:\/\/www.nospcr.cz\/servis\/wp-json\/wp\/v2\/product\/2836","targetHints":{"allow":["GET"]}}],"collection":[{"href":"https:\/\/www.nospcr.cz\/servis\/wp-json\/wp\/v2\/product"}],"about":[{"href":"https:\/\/www.nospcr.cz\/servis\/wp-json\/wp\/v2\/types\/product"}],"wp:featuredmedia":[{"embeddable":true,"href":"https:\/\/www.nospcr.cz\/servis\/wp-json\/wp\/v2\/media\/2915"}],"wp:attachment":[{"href":"https:\/\/www.nospcr.cz\/servis\/wp-json\/wp\/v2\/media?parent=2836"}],"wp:term":[{"taxonomy":"product_brand","embeddable":true,"href":"https:\/\/www.nospcr.cz\/servis\/wp-json\/wp\/v2\/product_brand?post=2836"},{"taxonomy":"product_cat","embeddable":true,"href":"https:\/\/www.nospcr.cz\/servis\/wp-json\/wp\/v2\/product_cat?post=2836"},{"taxonomy":"product_tag","embeddable":true,"href":"https:\/\/www.nospcr.cz\/servis\/wp-json\/wp\/v2\/product_tag?post=2836"}],"curies":[{"name":"wp","href":"https:\/\/api.w.org\/{rel}","templated":true}]}}