{"id":2877,"date":"2026-03-20T10:39:42","date_gmt":"2026-03-20T09:39:42","guid":{"rendered":"https:\/\/www.nospcr.cz\/servis\/?post_type=product&#038;p=2877"},"modified":"2026-04-29T09:49:37","modified_gmt":"2026-04-29T07:49:37","slug":"kulickove-pero-modre","status":"publish","type":"product","link":"https:\/\/www.nospcr.cz\/servis\/produkt\/kulickove-pero-modre\/","title":{"rendered":"Kuli\u010dkov\u00e9 pero MODR\u00c9 NOS P\u010cR"},"content":{"rendered":"<p>Kuli\u010dkov\u00e9 pero s modr\u00fdm inkoustem<\/p>\n<p>grav\u00edrovan\u00fd n\u00e1pis NOS P\u010cR<\/p>\n<p>oto\u010dn\u00fd mechanismus<\/p>\n<p>kovov\u00fd klip<\/p>\n","protected":false},"excerpt":{"rendered":"<div class=\"mh-excerpt\"><p>Kuli\u010dkov\u00e9 pero s modr\u00fdm inkoustem grav\u00edrovan\u00fd n\u00e1pis NOS P\u010cR oto\u010dn\u00fd mechanismus kovov\u00fd klip<\/p>\n<\/div>","protected":false},"featured_media":2879,"template":"","meta":{"_monsterinsights_skip_tracking":false,"_monsterinsights_sitenote_active":false,"_monsterinsights_sitenote_note":"","_monsterinsights_sitenote_category":0},"product_brand":[],"product_cat":[59],"product_tag":[],"class_list":{"0":"post-2877","1":"product","2":"type-product","3":"status-publish","4":"has-post-thumbnail","6":"product_cat-kancelarske-potreby","8":"first","9":"instock","10":"taxable","11":"shipping-taxable","12":"purchasable","13":"product-type-simple"},"_links":{"self":[{"href":"https:\/\/www.nospcr.cz\/servis\/wp-json\/wp\/v2\/product\/2877","targetHints":{"allow":["GET"]}}],"collection":[{"href":"https:\/\/www.nospcr.cz\/servis\/wp-json\/wp\/v2\/product"}],"about":[{"href":"https:\/\/www.nospcr.cz\/servis\/wp-json\/wp\/v2\/types\/product"}],"wp:featuredmedia":[{"embeddable":true,"href":"https:\/\/www.nospcr.cz\/servis\/wp-json\/wp\/v2\/media\/2879"}],"wp:attachment":[{"href":"https:\/\/www.nospcr.cz\/servis\/wp-json\/wp\/v2\/media?parent=2877"}],"wp:term":[{"taxonomy":"product_brand","embeddable":true,"href":"https:\/\/www.nospcr.cz\/servis\/wp-json\/wp\/v2\/product_brand?post=2877"},{"taxonomy":"product_cat","embeddable":true,"href":"https:\/\/www.nospcr.cz\/servis\/wp-json\/wp\/v2\/product_cat?post=2877"},{"taxonomy":"product_tag","embeddable":true,"href":"https:\/\/www.nospcr.cz\/servis\/wp-json\/wp\/v2\/product_tag?post=2877"}],"curies":[{"name":"wp","href":"https:\/\/api.w.org\/{rel}","templated":true}]}}