{"id":592,"date":"2024-02-22T13:45:26","date_gmt":"2024-02-22T12:45:26","guid":{"rendered":"https:\/\/www.nospcr.cz\/servis\/?post_type=product&#038;p=592"},"modified":"2026-02-21T09:05:41","modified_gmt":"2026-02-21T08:05:41","slug":"igelitova-taska-bila","status":"publish","type":"product","link":"https:\/\/www.nospcr.cz\/servis\/produkt\/igelitova-taska-bila\/","title":{"rendered":"Igelitov\u00e1 ta\u0161ka b\u00edl\u00e1 s logem NOS P\u010cR"},"content":{"rendered":"<p>Igelitov\u00e1 ta\u0161ka b\u00edl\u00e1 s logem NOS P\u010cR<\/p>\n","protected":false},"excerpt":{"rendered":"<div class=\"mh-excerpt\"><p>Igelitov\u00e1 ta\u0161ka b\u00edl\u00e1 s logem NOS P\u010cR<\/p>\n<\/div>","protected":false},"featured_media":2374,"template":"","meta":{"_monsterinsights_skip_tracking":false,"_monsterinsights_sitenote_active":false,"_monsterinsights_sitenote_note":"","_monsterinsights_sitenote_category":0},"product_brand":[],"product_cat":[59],"product_tag":[],"class_list":{"0":"post-592","1":"product","2":"type-product","3":"status-publish","4":"has-post-thumbnail","6":"product_cat-kancelarske-potreby","8":"first","9":"instock","10":"taxable","11":"shipping-taxable","12":"purchasable","13":"product-type-simple"},"_links":{"self":[{"href":"https:\/\/www.nospcr.cz\/servis\/wp-json\/wp\/v2\/product\/592","targetHints":{"allow":["GET"]}}],"collection":[{"href":"https:\/\/www.nospcr.cz\/servis\/wp-json\/wp\/v2\/product"}],"about":[{"href":"https:\/\/www.nospcr.cz\/servis\/wp-json\/wp\/v2\/types\/product"}],"wp:featuredmedia":[{"embeddable":true,"href":"https:\/\/www.nospcr.cz\/servis\/wp-json\/wp\/v2\/media\/2374"}],"wp:attachment":[{"href":"https:\/\/www.nospcr.cz\/servis\/wp-json\/wp\/v2\/media?parent=592"}],"wp:term":[{"taxonomy":"product_brand","embeddable":true,"href":"https:\/\/www.nospcr.cz\/servis\/wp-json\/wp\/v2\/product_brand?post=592"},{"taxonomy":"product_cat","embeddable":true,"href":"https:\/\/www.nospcr.cz\/servis\/wp-json\/wp\/v2\/product_cat?post=592"},{"taxonomy":"product_tag","embeddable":true,"href":"https:\/\/www.nospcr.cz\/servis\/wp-json\/wp\/v2\/product_tag?post=592"}],"curies":[{"name":"wp","href":"https:\/\/api.w.org\/{rel}","templated":true}]}}