{"id":601,"date":"2021-03-17T18:53:33","date_gmt":"2021-03-17T17:53:33","guid":{"rendered":"https:\/\/www.nospcr.cz\/servis\/?post_type=product&#038;p=601"},"modified":"2026-04-01T09:26:01","modified_gmt":"2026-04-01T07:26:01","slug":"ubrousky-na-bryle","status":"publish","type":"product","link":"https:\/\/www.nospcr.cz\/servis\/produkt\/ubrousky-na-bryle\/","title":{"rendered":"Ubrousek na br\u00fdle s logem NOS P\u010cR"},"content":{"rendered":"<p>B\u00edl\u00fd \u010dist\u00edc\u00ed ubrousek na br\u00fdle s logem NOS P\u010cR<\/p>\n<p>(bez br\u00fdl\u00ed)<\/p>\n","protected":false},"excerpt":{"rendered":"<div class=\"mh-excerpt\"><p>B\u00edl\u00fd \u010dist\u00edc\u00ed ubrousek na br\u00fdle s logem NOS P\u010cR (bez br\u00fdl\u00ed)<\/p>\n<\/div>","protected":false},"featured_media":2376,"template":"","meta":{"_monsterinsights_skip_tracking":false,"_monsterinsights_sitenote_active":false,"_monsterinsights_sitenote_note":"","_monsterinsights_sitenote_category":0},"product_brand":[],"product_cat":[60],"product_tag":[],"class_list":{"0":"post-601","1":"product","2":"type-product","3":"status-publish","4":"has-post-thumbnail","6":"product_cat-ruzne","8":"first","9":"instock","10":"taxable","11":"shipping-taxable","12":"purchasable","13":"product-type-simple"},"_links":{"self":[{"href":"https:\/\/www.nospcr.cz\/servis\/wp-json\/wp\/v2\/product\/601","targetHints":{"allow":["GET"]}}],"collection":[{"href":"https:\/\/www.nospcr.cz\/servis\/wp-json\/wp\/v2\/product"}],"about":[{"href":"https:\/\/www.nospcr.cz\/servis\/wp-json\/wp\/v2\/types\/product"}],"wp:featuredmedia":[{"embeddable":true,"href":"https:\/\/www.nospcr.cz\/servis\/wp-json\/wp\/v2\/media\/2376"}],"wp:attachment":[{"href":"https:\/\/www.nospcr.cz\/servis\/wp-json\/wp\/v2\/media?parent=601"}],"wp:term":[{"taxonomy":"product_brand","embeddable":true,"href":"https:\/\/www.nospcr.cz\/servis\/wp-json\/wp\/v2\/product_brand?post=601"},{"taxonomy":"product_cat","embeddable":true,"href":"https:\/\/www.nospcr.cz\/servis\/wp-json\/wp\/v2\/product_cat?post=601"},{"taxonomy":"product_tag","embeddable":true,"href":"https:\/\/www.nospcr.cz\/servis\/wp-json\/wp\/v2\/product_tag?post=601"}],"curies":[{"name":"wp","href":"https:\/\/api.w.org\/{rel}","templated":true}]}}