{"id":604,"date":"2021-03-17T18:59:14","date_gmt":"2021-03-17T17:59:14","guid":{"rendered":"https:\/\/www.nospcr.cz\/servis\/?post_type=product&#038;p=604"},"modified":"2025-12-30T16:33:45","modified_gmt":"2025-12-30T15:33:45","slug":"ksiltovka_s-logem","status":"publish","type":"product","link":"https:\/\/www.nospcr.cz\/servis\/produkt\/ksiltovka_s-logem\/","title":{"rendered":"K\u0161iltovka s logem NOS P\u010cR"},"content":{"rendered":"<p>Zelen\u00e1 \u010depice &#8222;K\u0161iltovka&#8220; s logem NOS P\u010cR<\/p>\n","protected":false},"excerpt":{"rendered":"<div class=\"mh-excerpt\"><p>Zelen\u00e1 \u010depice &#8222;K\u0161iltovka&#8220; s logem NOS P\u010cR<\/p>\n<\/div>","protected":false},"featured_media":2343,"template":"","meta":{"_monsterinsights_skip_tracking":false,"_monsterinsights_sitenote_active":false,"_monsterinsights_sitenote_note":"","_monsterinsights_sitenote_category":0},"product_brand":[],"product_cat":[29],"product_tag":[],"class_list":{"0":"post-604","1":"product","2":"type-product","3":"status-publish","4":"has-post-thumbnail","6":"product_cat-textil","8":"first","9":"instock","10":"taxable","11":"shipping-taxable","12":"purchasable","13":"product-type-simple"},"_links":{"self":[{"href":"https:\/\/www.nospcr.cz\/servis\/wp-json\/wp\/v2\/product\/604","targetHints":{"allow":["GET"]}}],"collection":[{"href":"https:\/\/www.nospcr.cz\/servis\/wp-json\/wp\/v2\/product"}],"about":[{"href":"https:\/\/www.nospcr.cz\/servis\/wp-json\/wp\/v2\/types\/product"}],"wp:featuredmedia":[{"embeddable":true,"href":"https:\/\/www.nospcr.cz\/servis\/wp-json\/wp\/v2\/media\/2343"}],"wp:attachment":[{"href":"https:\/\/www.nospcr.cz\/servis\/wp-json\/wp\/v2\/media?parent=604"}],"wp:term":[{"taxonomy":"product_brand","embeddable":true,"href":"https:\/\/www.nospcr.cz\/servis\/wp-json\/wp\/v2\/product_brand?post=604"},{"taxonomy":"product_cat","embeddable":true,"href":"https:\/\/www.nospcr.cz\/servis\/wp-json\/wp\/v2\/product_cat?post=604"},{"taxonomy":"product_tag","embeddable":true,"href":"https:\/\/www.nospcr.cz\/servis\/wp-json\/wp\/v2\/product_tag?post=604"}],"curies":[{"name":"wp","href":"https:\/\/api.w.org\/{rel}","templated":true}]}}