{"id":607,"date":"2021-03-17T19:06:32","date_gmt":"2021-03-17T18:06:32","guid":{"rendered":"https:\/\/www.nospcr.cz\/servis\/?post_type=product&#038;p=607"},"modified":"2026-04-01T01:03:54","modified_gmt":"2026-03-31T23:03:54","slug":"reflexni-pasky","status":"publish","type":"product","link":"https:\/\/www.nospcr.cz\/servis\/produkt\/reflexni-pasky\/","title":{"rendered":"Reflexn\u00ed p\u00e1ska"},"content":{"rendered":"<p>Reflexn\u00ed p\u00e1sek \u017elut\u011b neonov\u00e9 barvy s \u010dern\u00fdm logem a n\u00e1pisem NOS P\u010cR<\/p>\n","protected":false},"excerpt":{"rendered":"<div class=\"mh-excerpt\"><ul>\n<li>p\u00e1sek je ur\u010den zejm\u00e9na pro chodce a ostatn\u00ed \u00fa\u010dastn\u00edky silni\u010dn\u00edho provozu<\/li>\n<li>retroflexe v de\u0161ti cca 30 min<\/li>\n<li><strong>materi\u00e1l:\u00a0<\/strong>reflexn\u00ed PVC f\u00f3lie, kovov\u00fd zaklap\u00e1vac\u00ed p\u00e1sek<\/li>\n<li><strong>velikost:\u00a0<\/strong>4 x 43 cm<\/li>\n<li><strong>barva:\u00a0<\/strong>\u017elut\u00e1<\/li>\n<\/ul>\n<p> <a class=\"mh-excerpt-more\" href=\"https:\/\/www.nospcr.cz\/servis\/produkt\/reflexni-pasky\/\" title=\"Reflexn\u00ed p\u00e1ska\">[&#8230;]<\/a><\/p>\n<\/div>","protected":false},"featured_media":2312,"template":"","meta":{"_monsterinsights_skip_tracking":false,"_monsterinsights_sitenote_active":false,"_monsterinsights_sitenote_note":"","_monsterinsights_sitenote_category":0},"product_brand":[],"product_cat":[60],"product_tag":[],"class_list":{"0":"post-607","1":"product","2":"type-product","3":"status-publish","4":"has-post-thumbnail","6":"product_cat-ruzne","8":"first","9":"instock","10":"taxable","11":"shipping-taxable","12":"purchasable","13":"product-type-simple"},"_links":{"self":[{"href":"https:\/\/www.nospcr.cz\/servis\/wp-json\/wp\/v2\/product\/607","targetHints":{"allow":["GET"]}}],"collection":[{"href":"https:\/\/www.nospcr.cz\/servis\/wp-json\/wp\/v2\/product"}],"about":[{"href":"https:\/\/www.nospcr.cz\/servis\/wp-json\/wp\/v2\/types\/product"}],"wp:featuredmedia":[{"embeddable":true,"href":"https:\/\/www.nospcr.cz\/servis\/wp-json\/wp\/v2\/media\/2312"}],"wp:attachment":[{"href":"https:\/\/www.nospcr.cz\/servis\/wp-json\/wp\/v2\/media?parent=607"}],"wp:term":[{"taxonomy":"product_brand","embeddable":true,"href":"https:\/\/www.nospcr.cz\/servis\/wp-json\/wp\/v2\/product_brand?post=607"},{"taxonomy":"product_cat","embeddable":true,"href":"https:\/\/www.nospcr.cz\/servis\/wp-json\/wp\/v2\/product_cat?post=607"},{"taxonomy":"product_tag","embeddable":true,"href":"https:\/\/www.nospcr.cz\/servis\/wp-json\/wp\/v2\/product_tag?post=607"}],"curies":[{"name":"wp","href":"https:\/\/api.w.org\/{rel}","templated":true}]}}