{"id":688,"date":"2021-04-14T21:03:39","date_gmt":"2021-04-14T19:03:39","guid":{"rendered":"https:\/\/www.nospcr.cz\/servis\/?post_type=product&#038;p=688"},"modified":"2026-03-04T08:01:46","modified_gmt":"2026-03-04T07:01:46","slug":"hrnek-bily-keramicky-se-lzickou","status":"publish","type":"product","link":"https:\/\/www.nospcr.cz\/servis\/produkt\/hrnek-bily-keramicky-se-lzickou\/","title":{"rendered":"Hrnek b\u00edl\u00fd keramick\u00fd s barevn\u00fdm vnit\u0159kem+l\u017ei\u010dkou s logem NOS P\u010cR"},"content":{"rendered":"<p>Hrnek b\u00edl\u00fd keramick\u00fd s barevn\u00fdm vnit\u0159kem 300 ml a se l\u017ei\u010dkou s logem NOS P\u010cR<br \/>\nObjem: 300 ml<br \/>\ndod\u00e1van\u00e9 v d\u00e1rkov\u00e9 krabi\u010dce<\/p>\n","protected":false},"excerpt":{"rendered":"<div class=\"mh-excerpt\"><p>Hrnek b\u00edl\u00fd keramick\u00fd s barevn\u00fdm vnit\u0159kem 300 ml a se l\u017ei\u010dkou s logem NOS P\u010cR Objem: 300 ml dod\u00e1van\u00e9 v d\u00e1rkov\u00e9 krabi\u010dce<\/p>\n<\/div>","protected":false},"featured_media":1885,"template":"","meta":{"_monsterinsights_skip_tracking":false,"_monsterinsights_sitenote_active":false,"_monsterinsights_sitenote_note":"","_monsterinsights_sitenote_category":0},"product_brand":[],"product_cat":[18],"product_tag":[],"class_list":{"0":"post-688","1":"product","2":"type-product","3":"status-publish","4":"has-post-thumbnail","6":"product_cat-sklo-keramila","8":"first","9":"instock","10":"taxable","11":"shipping-taxable","12":"purchasable","13":"product-type-simple"},"_links":{"self":[{"href":"https:\/\/www.nospcr.cz\/servis\/wp-json\/wp\/v2\/product\/688","targetHints":{"allow":["GET"]}}],"collection":[{"href":"https:\/\/www.nospcr.cz\/servis\/wp-json\/wp\/v2\/product"}],"about":[{"href":"https:\/\/www.nospcr.cz\/servis\/wp-json\/wp\/v2\/types\/product"}],"wp:featuredmedia":[{"embeddable":true,"href":"https:\/\/www.nospcr.cz\/servis\/wp-json\/wp\/v2\/media\/1885"}],"wp:attachment":[{"href":"https:\/\/www.nospcr.cz\/servis\/wp-json\/wp\/v2\/media?parent=688"}],"wp:term":[{"taxonomy":"product_brand","embeddable":true,"href":"https:\/\/www.nospcr.cz\/servis\/wp-json\/wp\/v2\/product_brand?post=688"},{"taxonomy":"product_cat","embeddable":true,"href":"https:\/\/www.nospcr.cz\/servis\/wp-json\/wp\/v2\/product_cat?post=688"},{"taxonomy":"product_tag","embeddable":true,"href":"https:\/\/www.nospcr.cz\/servis\/wp-json\/wp\/v2\/product_tag?post=688"}],"curies":[{"name":"wp","href":"https:\/\/api.w.org\/{rel}","templated":true}]}}