{"id":840,"date":"2021-10-27T20:41:53","date_gmt":"2021-10-27T18:41:53","guid":{"rendered":"https:\/\/www.nospcr.cz\/servis\/?post_type=product&#038;p=840"},"modified":"2026-01-07T08:26:13","modified_gmt":"2026-01-07T07:26:13","slug":"salek-zeleny-asymetrickybily-podsalek","status":"publish","type":"product","link":"https:\/\/www.nospcr.cz\/servis\/produkt\/salek-zeleny-asymetrickybily-podsalek\/","title":{"rendered":"\u0160\u00e1lek zelen\u00fd asymetrick\u00fd+b\u00edl\u00fd pod\u0161\u00e1lek"},"content":{"rendered":"<p>\u0160\u00e1lek zelen\u00fd asymetrick\u00fd+b\u00edl\u00fd pod\u0161\u00e1lek<\/p>\n","protected":false},"excerpt":{"rendered":"<div class=\"mh-excerpt\"><p>\u0160\u00e1lek zelen\u00fd asymetrick\u00fd+b\u00edl\u00fd pod\u0161\u00e1lek<\/p>\n<\/div>","protected":false},"featured_media":2328,"template":"","meta":{"_monsterinsights_skip_tracking":false,"_monsterinsights_sitenote_active":false,"_monsterinsights_sitenote_note":"","_monsterinsights_sitenote_category":0},"product_brand":[],"product_cat":[18],"product_tag":[],"class_list":{"0":"post-840","1":"product","2":"type-product","3":"status-publish","4":"has-post-thumbnail","6":"product_cat-sklo-keramila","8":"first","9":"instock","10":"taxable","11":"shipping-taxable","12":"purchasable","13":"product-type-simple"},"_links":{"self":[{"href":"https:\/\/www.nospcr.cz\/servis\/wp-json\/wp\/v2\/product\/840","targetHints":{"allow":["GET"]}}],"collection":[{"href":"https:\/\/www.nospcr.cz\/servis\/wp-json\/wp\/v2\/product"}],"about":[{"href":"https:\/\/www.nospcr.cz\/servis\/wp-json\/wp\/v2\/types\/product"}],"wp:featuredmedia":[{"embeddable":true,"href":"https:\/\/www.nospcr.cz\/servis\/wp-json\/wp\/v2\/media\/2328"}],"wp:attachment":[{"href":"https:\/\/www.nospcr.cz\/servis\/wp-json\/wp\/v2\/media?parent=840"}],"wp:term":[{"taxonomy":"product_brand","embeddable":true,"href":"https:\/\/www.nospcr.cz\/servis\/wp-json\/wp\/v2\/product_brand?post=840"},{"taxonomy":"product_cat","embeddable":true,"href":"https:\/\/www.nospcr.cz\/servis\/wp-json\/wp\/v2\/product_cat?post=840"},{"taxonomy":"product_tag","embeddable":true,"href":"https:\/\/www.nospcr.cz\/servis\/wp-json\/wp\/v2\/product_tag?post=840"}],"curies":[{"name":"wp","href":"https:\/\/api.w.org\/{rel}","templated":true}]}}